{"id":18,"date":"2024-05-18T10:04:02","date_gmt":"2024-05-18T08:04:02","guid":{"rendered":"https:\/\/rverde.com\/?page_id=18"},"modified":"2024-05-31T02:47:40","modified_gmt":"2024-05-31T00:47:40","slug":"contact-salon-coiffure-arcueil","status":"publish","type":"page","link":"https:\/\/rverde.com\/index.php\/contact-salon-coiffure-arcueil\/","title":{"rendered":"Contact"},"content":{"rendered":"\n<h4 class=\"wp-block-heading has-text-align-center\">R VERD\u00c8 Coiffure ( Nuance Coiffure )<\/h4>\n\n\n<div class=\"wp-block-image is-style-rounded\">\n<figure class=\"aligncenter size-full is-resized\"><img fetchpriority=\"high\" decoding=\"async\" width=\"1002\" height=\"1024\" src=\"https:\/\/rverde.com\/wp-content\/uploads\/2024\/05\/20240410_121912-1002x1024-1.jpg\" alt=\"\" class=\"wp-image-103\" style=\"width:267px;height:auto\" srcset=\"https:\/\/rverde.com\/wp-content\/uploads\/2024\/05\/20240410_121912-1002x1024-1.jpg 1002w, https:\/\/rverde.com\/wp-content\/uploads\/2024\/05\/20240410_121912-1002x1024-1-294x300.jpg 294w, https:\/\/rverde.com\/wp-content\/uploads\/2024\/05\/20240410_121912-1002x1024-1-768x785.jpg 768w, https:\/\/rverde.com\/wp-content\/uploads\/2024\/05\/20240410_121912-1002x1024-1-59x60.jpg 59w\" sizes=\"(max-width: 1002px) 100vw, 1002px\" \/><\/figure>\n<\/div>\n\n\n<p class=\"has-text-align-center\"><strong>67 rue Emile Raspail 94110 ARCUEIL<\/strong><\/p>\n\n\n\n<p class=\"has-text-align-center\"><strong>RER Laplace ou Arcueil Cachan<\/strong><\/p>\n\n\n\n<p class=\"has-text-align-center\"><strong>Sur Reservation du Mardi au Samedi de 10h \u00e0 18h30<\/strong><\/p>\n\n\n\n<p class=\"has-text-align-center has-white-background-color has-background\"><strong>Au 01 45 47 05 29<\/strong><\/p>\n\n\n\n<p class=\"has-text-align-center\">\n\n<div class=\"open-user-map \">\n\n  \n  \n  <!-- Map Container -->\n  <div class=\"oum-map-container\">\n    \n<div class=\"box-wrap map-size- \">\n  \n  <div class=\"map-wrap\">\n    <div class=\"oum-loading-overlay\">\n      <div class=\"oum-loading-spinner\"><\/div>\n    <\/div>\n    <div id=\"map-20210929\" class=\"leaflet-map map-style_Esri.WorldStreetMap\" data-oum-tile-provider-container=\"esri\"><\/div>\n    \n    \n    \n        \n      \n      \n        <div id=\"open-add-location-overlay\" class=\"open-add-location-overlay oum-hidden\" style=\"background-color: #e82c71\"><span class=\"btn_icon\">+<\/span><span class=\"btn_text\">Add location<\/span><\/div>\n\n      \n    \n    \n    \n    <script type=\"text\/javascript\" id=\"oum-init-map\" data-oum-tile-provider=\"esri\">\n\n      map_el = `map-20210929`;\n\n      if(document.getElementById(map_el)) {\n        \/* Transfer PHP array to JS json *\/\n        var oum_all_locations = [{\"title\":\"Salon de coiffure R Verd\u00e9\",\"lat\":\"48.803166\",\"lng\":\"2.331873\",\"zoom\":\"16\",\"content\":\"\\u003Cdiv class=\\u0022oum-carousel popup-image-size-original\\u0022\\u003E\\u003Cdiv class=\\u0022oum-carousel-inner\\u0022\\u003E\\u003Cdiv class=\\u0022oum-carousel-item active\\u0022\\u003E\\u003Cimg class=\\u0022skip-lazy\\u0022 src=\\u0022http:\/\/rverde.com\/wp-content\/uploads\/2024\/05\/20240410_121912-1002x1024.jpg\\u0022 alt=\\u0022Salon de coiffure R Verd\u00e9\\u0022\\u003E\\u003C\/div\\u003E\\u003C\/div\\u003E\\u003C\/div\\u003E\\u003Cdiv class=\\u0022oum_location_text\\u0022\\u003E\\u003Cdiv class=\\u0022oum_location_address\\u0022\\u003E\\u003Ca title=\\u0022go to Google Maps\\u0022 href=\\u0022https:\/\/www.google.com\/maps\/search\/?api=1\\u0026amp;query=48.803166%2C2.331873\\u0022 target=\\u0022_blank\\u0022\\u003EIci\\u003C\/a\\u003E\\u003C\/div\\u003E\\u003Cdiv class=\\u0022oum_location_title\\u0022\\u003E\\u003Ch3 class=\\u0022oum_location_name\\u0022\\u003ESalon de coiffure R Verd\u00e9\\u003C\/h3\\u003E\\u003C\/div\\u003E\\u003Cdiv class=\\u0022oum_location_description\\u0022\\u003E\\u003C\/div\\u003E\\u003Cdiv class=\\u0022oum_location_text_bottom\\u0022\\u003E\\u003C\/div\\u003E\\u003C\/div\\u003E\\u003Cdiv style=\\u0022display: none\\u0022\\u003Esalon-de-coiffure-r-verde\\u003C\/div\\u003E\",\"icon\":\"https:\/\/rverde.com\/wp-content\/plugins\/open-user-map\/src\/leaflet\/images\/marker-icon_default-2x.png\",\"types\":[],\"post_id\":\"101\",\"address\":\"Ici\",\"text\":\"\",\"image\":\"http:\/\/rverde.com\/wp-content\/uploads\/2024\/05\/20240410_121912-1002x1024.jpg\",\"audio\":\"\",\"video\":\"\",\"custom_fields\":[],\"votes\":0}];\n\n        \/\/ Wait for the main initialization function to be available, then call it\n        function oumWaitForMainInit() {\n          if (typeof oumInitializeMap === 'function') {\n            console.log('\ud83d\uddfa\ufe0f Open User Map: Starting');\n            \n            \/\/ Initialize the map\n            oumInitializeMap();\n          } else {\n            setTimeout(oumWaitForMainInit, 100);\n          }\n        }\n        \n        setTimeout(oumWaitForMainInit, 100);\n      }\n\n    <\/script>\n\n    <script type=\"text\/javascript\" id=\"oum-inline-js\" \n      data-category=\"functional\" \n      class=\"cmplz-native\" \n      data-minify=\"0\"\n      data-no-optimize=\"1\"\n      data-no-defer=\"1\"\n      data-no-combine=\"1\"\n      data-cfasync=\"false\"\n      data-pagespeed-no-defer\n      data-boot=\"1\">\n\n      map_el = `map-20210929`;\n\n      if(document.getElementById(map_el)) {\n\n        \/\/ Wait for OUMLoader to be defined\n        function oumLoading() {\n          if (typeof OUMLoader !== 'undefined') {\n            \/\/ Initialize loader for this map\n            OUMLoader.initLoader(map_el);\n\n            \/\/ Add event listener for map initialization complete\n            document.addEventListener('oum:map_initialized', function(e) {\n              if (e.detail.mapId === map_el) {\n                OUMLoader.setMapInitialized(map_el);\n              }\n            });\n          } else {\n            \/\/ If OUMLoader is not yet defined, wait and try again\n            setTimeout(oumLoading, 100);\n          }\n        }\n\n        \/\/ OUM Loading Spinner\n        oumLoading();\n\n        \/\/ OUM inline JS variables\n        var mapStyle = `Esri.WorldStreetMap`;\n        var oum_tile_provider_mapbox_key = ``;\n        var marker_icon_url = `https:\/\/rverde.com\/wp-content\/plugins\/open-user-map\/src\/leaflet\/images\/marker-icon_default-2x.png`;\n        var marker_shadow_url = `https:\/\/rverde.com\/wp-content\/plugins\/open-user-map\/src\/leaflet\/images\/marker-shadow.png`;\n        var oum_enable_scrollwheel_zoom_map = false;\n        var oum_enable_cluster = true;\n        var oum_enable_fullscreen = true;\n\n        var oum_enable_searchbar = true;\n        var oum_searchbar_type = `address`;\n\n        var oum_geosearch_selected_provider = ``; \n        var oum_geosearch_provider = `osm`;\n        var oum_geosearch_provider_geoapify_key = ``;\n        var oum_geosearch_provider_here_key = ``;\n        var oum_geosearch_provider_mapbox_key = ``;\n        \n        var oum_enable_searchaddress_button = true;\n        var oum_searchaddress_label = `Search for address`;\n\n        var oum_enable_searchmarkers_button = true;\n        var oum_searchmarkers_label = `Find marker`;\n        var oum_searchmarkers_zoom = `8`;\n\n        var oum_enable_currentlocation = false;\n        var oum_action_after_submit = ``;\n        var thankyou_redirect = ``;\n        var start_lat = Number(48.803166);\n        var start_lng = Number(2.331873);\n        var start_zoom = Number(8);\n        \n        var oum_enable_fixed_map_bounds = ``;\n        var oum_use_settings_start_location = false;\n        var oum_has_regions = false;\n        var oum_enable_multiple_marker_types = `false`;\n        var oum_hide_filterbox = false;\n\n        \/\/ Custom Image data\n        var oum_custom_image_url = ``;\n        var oum_custom_image_bounds = {};\n        var oum_custom_image_hide_tiles = false;\n        var oum_custom_image_background_color = `#ffffff`;\n\n        var oum_location = {};\n        var oum_custom_css = '';\n        var oum_custom_script = '';\n        var oum_max_image_filesize = 10;\n        var oumMap;\n        var oumMap2;\n\n        \/**\n         * Conditional Field Feature\n         * \n         * @param {string} sourceField - The source field selector\n         * @param {string} targetField - The target field selector\n         * @param {array} condShow - The values that should show the target field\n         * @param {array|null} condHide - The values that should hide the target field. If empty\/null\/undefined, the field will be hidden when condShow is not met.\n         *\/\n        var oumConditionalField = (sourceField, targetField, condShow, condHide = null) => {\n            const sourceElements = document.querySelectorAll(sourceField); \/\/ Select all radios\/checkboxes or single select\n            const targetElementWrapper = document.querySelector(targetField)?.parentElement; \/* works with custom fields only *\/\n\n            \/\/ Check if both sourceElements and targetElementWrapper exist\n            if (!sourceElements.length) {\n                console.warn(`OUM: Source field(s) not found: ${sourceField}`);\n                return;\n            }\n\n            if (!targetElementWrapper) {\n                console.warn(`OUM: Target field wrapper not found: ${targetField}`);\n                return;\n            }\n\n            \/* Event listener for change *\/\n            const onChangeHandler = function() {\n                \/\/ Get selected values for checkboxes and single selected value for radios\/select\n                const selectedValues = Array.from(sourceElements)\n                    .filter(element => element.checked || element.tagName === 'SELECT')\n                    .map(element => element.value);\n\n                const selectedValue = selectedValues[0]; \/\/ For radios and selects, we use only the first (and only) value\n\n                console.log('OUM: run condition', {selectedValue, sourceField, targetField, condShow, condHide});\n                \n                \/\/ Show or hide target field based on the selected value(s)\n                if (condShow.includes(selectedValue)) {\n                    \/\/ Show the field if condShow condition is met\n                    targetElementWrapper.style.display = 'block';\n                } else if (condHide && Array.isArray(condHide) && condHide.length > 0 && condHide.includes(selectedValue)) {\n                    \/\/ Hide the field if condHide is provided and condition is met\n                    targetElementWrapper.style.display = 'none';\n                } else if (!condHide || (Array.isArray(condHide) && condHide.length === 0)) {\n                    \/\/ If condHide is empty\/null\/undefined, hide the field when condShow is not met\n                    targetElementWrapper.style.display = 'none';\n                }\n            };\n\n            \/* Attach the event listener to each radio\/checkbox or select *\/\n            sourceElements.forEach(element => {\n                element.addEventListener('change', onChangeHandler);\n            });\n\n            \/* Trigger initially *\/\n            onChangeHandler(); \/\/ Call it directly to set initial state\n        };\n\n        \/**\n         * Add Custom Styles\n         *\/\n        \n        \n          \/* custom color *\/\n          oum_custom_css += `\n            .open-user-map .add-location #close-add-location-overlay:hover {color: #e82c71 !important}\n            .open-user-map .box-wrap .map-wrap .oum-filter-controls .oum-filter-list .close-filter-list:hover {color: #e82c71 !important}\n            .open-user-map .oum-advanced-filter-button .oum-advanced-filter-content .close-advanced-filter:hover,\n            .open-user-map .oum-advanced-filter-panel .oum-advanced-filter-content .close-advanced-filter:hover {color: #e82c71 !important}\n            .open-user-map input.oum-switch[type=\"checkbox\"]:checked + label::before {background-color: #e82c71 !important}\n            .open-user-map .add-location .location-overlay-content #oum_add_location_thankyou h3 {color: #e82c71 !important}\n            .open-user-map .oum_location_text a {color: #e82c71 !important}\n            .open-user-map .oum_location_text .oum_vote_button_wrap .oum_vote_button.voted {background: #e82c71 !important; border-color: #e82c71 !important;}\n            .open-user-map .oum-tabs {border-color: #e82c71 !important}\n            .open-user-map .oum-tabs .nav-item:hover {color: #e82c71 !important; border-color: #e82c71 !important}\n            .open-user-map .oum-tabs .nav-item.active {color: #e82c71 !important; border-color: #e82c71 !important}\n            .open-user-map .box-wrap .map-wrap .oum-attribution a {color: #e82c71 !important;}\n            \/* Message CTA Buttons *\/\n            .open-user-map .add-location .location-overlay-content #oum_add_location_thankyou button {background-color: #e82c71 !important; border-color: #e82c71 !important;}\n            .open-user-map .add-location .location-overlay-content .oum-delete-confirmation button {background-color: #e82c71 !important; border-color: #e82c71 !important;}\n            \/* Media Section Colors *\/\n            .open-user-map .add-location .location-overlay-content #oum_add_location .oum_media .media-upload label {color: #e82c71 !important}\n            .open-user-map .add-location .location-overlay-content #oum_add_location .oum_media .oum-image-upload .media-upload-top label .multi-upload-indicator {background: #e82c71 !important}\n            .open-user-map .add-location .location-overlay-content #oum_add_location .oum_media .oum-video-upload input[type=text]:hover {border-color: #e82c71 !important}\n            .open-user-map .add-location .location-overlay-content #oum_add_location .oum_media .oum-video-upload input[type=text]:focus {border-color: #e82c71 !important; box-shadow: 0 0 0 2px #e82c711a !important}\n            .open-user-map .add-location .location-overlay-content #oum_add_location .oum_media .image-preview-placeholder {border-color: #e82c71 !important; background: #e82c710a !important}\n            .open-user-map .add-location .location-overlay-content #oum_add_location .oum_media .oum-image-preview-grid .image-preview-item.dragging {border-color: #e82c71 !important}\n            \/* List Styles *\/\n            .open-user-map-locations-list .oum-locations-list-item .oum_location_text a {color: #e82c71 !important} \n            .open-user-map-locations-list .oum-locations-list-item .oum_location_text .oum_vote_button_wrap .oum_vote_button.voted {background: #e82c71 !important; border-color: #e82c71 !important;}`;\n\n        \n        \n        \n        var custom_style = document.createElement('style');\n\n        if (custom_style.styleSheet) {\n          custom_style.styleSheet.cssText = oum_custom_css;\n        } else {\n          custom_style.appendChild(document.createTextNode(oum_custom_css));\n        }\n\n        document.getElementsByTagName('head')[0].appendChild(custom_style);\n\n        \/* Add initial CSS to prevent flash of unstyled content *\/\n        var initialStyles = document.createElement('style');\n        initialStyles.textContent = `\n          .oum-hidden {\n            opacity: 0 !important;\n            visibility: hidden !important;\n            transition: opacity 0.3s ease, visibility 0.3s ease;\n          }\n          .oum-filter-controls,\n          .open-add-location-overlay,\n          #oum_filter_markers,\n          .oum-advanced-filter-button,\n          .oum-advanced-filter-panel,\n          .oum-sidebar {\n            opacity: 0;\n            visibility: hidden;\n            transition: opacity 0.3s ease, visibility 0.3s ease;\n          }\n          .oum-filter-controls.visible,\n          .open-add-location-overlay.visible,\n          #oum_filter_markers.visible,\n          .oum-advanced-filter-button.visible,\n          .oum-advanced-filter-panel.visible,\n          .oum-sidebar.visible {\n            opacity: 1;\n            visibility: visible;\n          }\n        `;\n        document.head.appendChild(initialStyles);\n\n      }\n    <\/script>\n\n  <\/div>\n\n<\/div>\n  <\/div>\n\n<\/div><\/p>\n","protected":false},"excerpt":{"rendered":"<p>R VERD\u00c8 Coiffure ( Nuance Coiffure ) 67 rue Emile Raspail 94110 ARCUEIL RER Laplace ou Arcueil Cachan Sur Reservation du Mardi au Samedi de 10h \u00e0 18h30 Au 01 &hellip; <\/p>\n","protected":false},"author":1,"featured_media":82,"parent":0,"menu_order":0,"comment_status":"closed","ping_status":"closed","template":"","meta":{"footnotes":""},"class_list":["post-18","page","type-page","status-publish","has-post-thumbnail","hentry"],"yoast_head":"<!-- This site is optimized with the Yoast SEO plugin v26.5 - https:\/\/yoast.com\/wordpress\/plugins\/seo\/ -->\n<title>Contact - R VERD\u00c8 COIFFURE (Nuance Coiffure)<\/title>\n<meta name=\"description\" content=\"Contactez R Verd\u00e8 Coiffure \u00e0 Arcueil pour prendre rendez-vous ou poser vos questions. Salon mixte et centre de beaut\u00e9 \u00e0 votre service. R\u00e9servez en ligne d\u00e8s maintenant !\" \/>\n<meta name=\"robots\" content=\"index, follow, max-snippet:-1, max-image-preview:large, max-video-preview:-1\" \/>\n<link rel=\"canonical\" href=\"https:\/\/rverde.com\/index.php\/contact-salon-coiffure-arcueil\/\" \/>\n<meta property=\"og:locale\" content=\"en_US\" \/>\n<meta property=\"og:type\" content=\"article\" \/>\n<meta property=\"og:title\" content=\"Contact - R VERD\u00c8 COIFFURE (Nuance Coiffure)\" \/>\n<meta property=\"og:description\" content=\"Contactez R Verd\u00e8 Coiffure \u00e0 Arcueil pour prendre rendez-vous ou poser vos questions. Salon mixte et centre de beaut\u00e9 \u00e0 votre service. R\u00e9servez en ligne d\u00e8s maintenant !\" \/>\n<meta property=\"og:url\" content=\"https:\/\/rverde.com\/index.php\/contact-salon-coiffure-arcueil\/\" \/>\n<meta property=\"og:site_name\" content=\"R VERD\u00c8 COIFFURE (Nuance Coiffure)\" \/>\n<meta property=\"article:modified_time\" content=\"2024-05-31T00:47:40+00:00\" \/>\n<meta property=\"og:image\" content=\"http:\/\/rverde.com\/wp-content\/uploads\/2024\/05\/pexels-cottonbro-3992874-scaled.jpg\" \/>\n\t<meta property=\"og:image:width\" content=\"2560\" \/>\n\t<meta property=\"og:image:height\" content=\"1707\" \/>\n\t<meta property=\"og:image:type\" content=\"image\/jpeg\" \/>\n<meta name=\"twitter:card\" content=\"summary_large_image\" \/>\n<meta name=\"twitter:label1\" content=\"Est. reading time\" \/>\n\t<meta name=\"twitter:data1\" content=\"1 minute\" \/>\n<script type=\"application\/ld+json\" class=\"yoast-schema-graph\">{\"@context\":\"https:\/\/schema.org\",\"@graph\":[{\"@type\":\"WebPage\",\"@id\":\"https:\/\/rverde.com\/index.php\/contact-salon-coiffure-arcueil\/\",\"url\":\"https:\/\/rverde.com\/index.php\/contact-salon-coiffure-arcueil\/\",\"name\":\"Contact - R VERD\u00c8 COIFFURE (Nuance Coiffure)\",\"isPartOf\":{\"@id\":\"https:\/\/rverde.com\/#website\"},\"primaryImageOfPage\":{\"@id\":\"https:\/\/rverde.com\/index.php\/contact-salon-coiffure-arcueil\/#primaryimage\"},\"image\":{\"@id\":\"https:\/\/rverde.com\/index.php\/contact-salon-coiffure-arcueil\/#primaryimage\"},\"thumbnailUrl\":\"https:\/\/rverde.com\/wp-content\/uploads\/2024\/05\/pexels-cottonbro-3992874-scaled.jpg\",\"datePublished\":\"2024-05-18T08:04:02+00:00\",\"dateModified\":\"2024-05-31T00:47:40+00:00\",\"description\":\"Contactez R Verd\u00e8 Coiffure \u00e0 Arcueil pour prendre rendez-vous ou poser vos questions. Salon mixte et centre de beaut\u00e9 \u00e0 votre service. R\u00e9servez en ligne d\u00e8s maintenant !\",\"breadcrumb\":{\"@id\":\"https:\/\/rverde.com\/index.php\/contact-salon-coiffure-arcueil\/#breadcrumb\"},\"inLanguage\":\"en-US\",\"potentialAction\":[{\"@type\":\"ReadAction\",\"target\":[\"https:\/\/rverde.com\/index.php\/contact-salon-coiffure-arcueil\/\"]}]},{\"@type\":\"ImageObject\",\"inLanguage\":\"en-US\",\"@id\":\"https:\/\/rverde.com\/index.php\/contact-salon-coiffure-arcueil\/#primaryimage\",\"url\":\"https:\/\/rverde.com\/wp-content\/uploads\/2024\/05\/pexels-cottonbro-3992874-scaled.jpg\",\"contentUrl\":\"https:\/\/rverde.com\/wp-content\/uploads\/2024\/05\/pexels-cottonbro-3992874-scaled.jpg\",\"width\":2560,\"height\":1707},{\"@type\":\"BreadcrumbList\",\"@id\":\"https:\/\/rverde.com\/index.php\/contact-salon-coiffure-arcueil\/#breadcrumb\",\"itemListElement\":[{\"@type\":\"ListItem\",\"position\":1,\"name\":\"Accueil\",\"item\":\"https:\/\/rverde.com\/\"},{\"@type\":\"ListItem\",\"position\":2,\"name\":\"Contact\"}]},{\"@type\":\"WebSite\",\"@id\":\"https:\/\/rverde.com\/#website\",\"url\":\"https:\/\/rverde.com\/\",\"name\":\"rverde.com\",\"description\":\"L&#039;expertise au service de votre beaut\u00e9\",\"publisher\":{\"@id\":\"https:\/\/rverde.com\/#organization\"},\"alternateName\":\"RVerde coiffure (Nuance Coiffure)\",\"potentialAction\":[{\"@type\":\"SearchAction\",\"target\":{\"@type\":\"EntryPoint\",\"urlTemplate\":\"https:\/\/rverde.com\/?s={search_term_string}\"},\"query-input\":{\"@type\":\"PropertyValueSpecification\",\"valueRequired\":true,\"valueName\":\"search_term_string\"}}],\"inLanguage\":\"en-US\"},{\"@type\":\"Organization\",\"@id\":\"https:\/\/rverde.com\/#organization\",\"name\":\"R verde Coiffure (Nuance coiffure)\",\"alternateName\":\"R verde Coiffure (Nuance coiffure)\",\"url\":\"https:\/\/rverde.com\/\",\"logo\":{\"@type\":\"ImageObject\",\"inLanguage\":\"en-US\",\"@id\":\"https:\/\/rverde.com\/#\/schema\/logo\/image\/\",\"url\":\"https:\/\/rverde.com\/wp-content\/uploads\/2024\/05\/cropped-petit-Logo-sans-tel-100.png\",\"contentUrl\":\"https:\/\/rverde.com\/wp-content\/uploads\/2024\/05\/cropped-petit-Logo-sans-tel-100.png\",\"width\":100,\"height\":100,\"caption\":\"R verde Coiffure (Nuance coiffure)\"},\"image\":{\"@id\":\"https:\/\/rverde.com\/#\/schema\/logo\/image\/\"}}]}<\/script>\n<!-- \/ Yoast SEO plugin. -->","yoast_head_json":{"title":"Contact - R VERD\u00c8 COIFFURE (Nuance Coiffure)","description":"Contactez R Verd\u00e8 Coiffure \u00e0 Arcueil pour prendre rendez-vous ou poser vos questions. Salon mixte et centre de beaut\u00e9 \u00e0 votre service. R\u00e9servez en ligne d\u00e8s maintenant !","robots":{"index":"index","follow":"follow","max-snippet":"max-snippet:-1","max-image-preview":"max-image-preview:large","max-video-preview":"max-video-preview:-1"},"canonical":"https:\/\/rverde.com\/index.php\/contact-salon-coiffure-arcueil\/","og_locale":"en_US","og_type":"article","og_title":"Contact - R VERD\u00c8 COIFFURE (Nuance Coiffure)","og_description":"Contactez R Verd\u00e8 Coiffure \u00e0 Arcueil pour prendre rendez-vous ou poser vos questions. Salon mixte et centre de beaut\u00e9 \u00e0 votre service. R\u00e9servez en ligne d\u00e8s maintenant !","og_url":"https:\/\/rverde.com\/index.php\/contact-salon-coiffure-arcueil\/","og_site_name":"R VERD\u00c8 COIFFURE (Nuance Coiffure)","article_modified_time":"2024-05-31T00:47:40+00:00","og_image":[{"width":2560,"height":1707,"url":"http:\/\/rverde.com\/wp-content\/uploads\/2024\/05\/pexels-cottonbro-3992874-scaled.jpg","type":"image\/jpeg"}],"twitter_card":"summary_large_image","twitter_misc":{"Est. reading time":"1 minute"},"schema":{"@context":"https:\/\/schema.org","@graph":[{"@type":"WebPage","@id":"https:\/\/rverde.com\/index.php\/contact-salon-coiffure-arcueil\/","url":"https:\/\/rverde.com\/index.php\/contact-salon-coiffure-arcueil\/","name":"Contact - R VERD\u00c8 COIFFURE (Nuance Coiffure)","isPartOf":{"@id":"https:\/\/rverde.com\/#website"},"primaryImageOfPage":{"@id":"https:\/\/rverde.com\/index.php\/contact-salon-coiffure-arcueil\/#primaryimage"},"image":{"@id":"https:\/\/rverde.com\/index.php\/contact-salon-coiffure-arcueil\/#primaryimage"},"thumbnailUrl":"https:\/\/rverde.com\/wp-content\/uploads\/2024\/05\/pexels-cottonbro-3992874-scaled.jpg","datePublished":"2024-05-18T08:04:02+00:00","dateModified":"2024-05-31T00:47:40+00:00","description":"Contactez R Verd\u00e8 Coiffure \u00e0 Arcueil pour prendre rendez-vous ou poser vos questions. Salon mixte et centre de beaut\u00e9 \u00e0 votre service. R\u00e9servez en ligne d\u00e8s maintenant !","breadcrumb":{"@id":"https:\/\/rverde.com\/index.php\/contact-salon-coiffure-arcueil\/#breadcrumb"},"inLanguage":"en-US","potentialAction":[{"@type":"ReadAction","target":["https:\/\/rverde.com\/index.php\/contact-salon-coiffure-arcueil\/"]}]},{"@type":"ImageObject","inLanguage":"en-US","@id":"https:\/\/rverde.com\/index.php\/contact-salon-coiffure-arcueil\/#primaryimage","url":"https:\/\/rverde.com\/wp-content\/uploads\/2024\/05\/pexels-cottonbro-3992874-scaled.jpg","contentUrl":"https:\/\/rverde.com\/wp-content\/uploads\/2024\/05\/pexels-cottonbro-3992874-scaled.jpg","width":2560,"height":1707},{"@type":"BreadcrumbList","@id":"https:\/\/rverde.com\/index.php\/contact-salon-coiffure-arcueil\/#breadcrumb","itemListElement":[{"@type":"ListItem","position":1,"name":"Accueil","item":"https:\/\/rverde.com\/"},{"@type":"ListItem","position":2,"name":"Contact"}]},{"@type":"WebSite","@id":"https:\/\/rverde.com\/#website","url":"https:\/\/rverde.com\/","name":"rverde.com","description":"L&#039;expertise au service de votre beaut\u00e9","publisher":{"@id":"https:\/\/rverde.com\/#organization"},"alternateName":"RVerde coiffure (Nuance Coiffure)","potentialAction":[{"@type":"SearchAction","target":{"@type":"EntryPoint","urlTemplate":"https:\/\/rverde.com\/?s={search_term_string}"},"query-input":{"@type":"PropertyValueSpecification","valueRequired":true,"valueName":"search_term_string"}}],"inLanguage":"en-US"},{"@type":"Organization","@id":"https:\/\/rverde.com\/#organization","name":"R verde Coiffure (Nuance coiffure)","alternateName":"R verde Coiffure (Nuance coiffure)","url":"https:\/\/rverde.com\/","logo":{"@type":"ImageObject","inLanguage":"en-US","@id":"https:\/\/rverde.com\/#\/schema\/logo\/image\/","url":"https:\/\/rverde.com\/wp-content\/uploads\/2024\/05\/cropped-petit-Logo-sans-tel-100.png","contentUrl":"https:\/\/rverde.com\/wp-content\/uploads\/2024\/05\/cropped-petit-Logo-sans-tel-100.png","width":100,"height":100,"caption":"R verde Coiffure (Nuance coiffure)"},"image":{"@id":"https:\/\/rverde.com\/#\/schema\/logo\/image\/"}}]}},"_links":{"self":[{"href":"https:\/\/rverde.com\/index.php\/wp-json\/wp\/v2\/pages\/18","targetHints":{"allow":["GET"]}}],"collection":[{"href":"https:\/\/rverde.com\/index.php\/wp-json\/wp\/v2\/pages"}],"about":[{"href":"https:\/\/rverde.com\/index.php\/wp-json\/wp\/v2\/types\/page"}],"author":[{"embeddable":true,"href":"https:\/\/rverde.com\/index.php\/wp-json\/wp\/v2\/users\/1"}],"replies":[{"embeddable":true,"href":"https:\/\/rverde.com\/index.php\/wp-json\/wp\/v2\/comments?post=18"}],"version-history":[{"count":23,"href":"https:\/\/rverde.com\/index.php\/wp-json\/wp\/v2\/pages\/18\/revisions"}],"predecessor-version":[{"id":237,"href":"https:\/\/rverde.com\/index.php\/wp-json\/wp\/v2\/pages\/18\/revisions\/237"}],"wp:featuredmedia":[{"embeddable":true,"href":"https:\/\/rverde.com\/index.php\/wp-json\/wp\/v2\/media\/82"}],"wp:attachment":[{"href":"https:\/\/rverde.com\/index.php\/wp-json\/wp\/v2\/media?parent=18"}],"curies":[{"name":"wp","href":"https:\/\/api.w.org\/{rel}","templated":true}]}}